{"id":2446,"date":"2026-02-12T17:00:45","date_gmt":"2026-02-12T22:00:45","guid":{"rendered":"https:\/\/navajowhite-hawk-814464.hostingersite.com\/?page_id=2446"},"modified":"2026-03-05T16:44:25","modified_gmt":"2026-03-05T21:44:25","slug":"terminos-y-condiciones","status":"publish","type":"page","link":"https:\/\/incajungletrail.com\/en\/terminos-y-condiciones\/","title":{"rendered":"Terms and Conditions"},"content":{"rendered":"<div data-elementor-type=\"wp-page\" data-elementor-id=\"2446\" class=\"elementor elementor-2446\" data-elementor-post-type=\"page\">\n\t\t\t\t<div class=\"elementor-element elementor-element-b951161 e-flex e-con-boxed e-con e-parent\" data-id=\"b951161\" data-element_type=\"container\" data-e-type=\"container\">\n\t\t\t\t\t<div class=\"e-con-inner\">\n\t\t\t\t<div class=\"elementor-element elementor-element-91cdbdf elementor-widget elementor-widget-text-editor\" data-id=\"91cdbdf\" data-element_type=\"widget\" data-e-type=\"widget\" data-widget_type=\"text-editor.default\">\n\t\t\t\t\t\t\t\t\t<h5 data-section-id=\"uxyh2f\" data-start=\"235\" data-end=\"270\">Precios de Programas y Servicios<\/h5><p data-start=\"271\" data-end=\"403\">Todas las tarifas de los servicios ofrecidos est\u00e1n sujetas a cambios y disponibilidad de espacio al momento de confirmar la reserva.<\/p><h5 data-section-id=\"5gejl9\" data-start=\"405\" data-end=\"425\">Tours Compartidos<\/h5><p data-start=\"426\" data-end=\"670\">Un tour compartido significa que el servicio puede realizarse junto a otros viajeros de diferentes nacionalidades y edades, operado por uno o varios proveedores tur\u00edsticos. Los grupos pueden variar seg\u00fan disponibilidad y log\u00edstica del servicio.<\/p><p data-start=\"672\" data-end=\"820\">Si el cliente prefiere una experiencia exclusiva, puede solicitar la opci\u00f3n de <strong data-start=\"751\" data-end=\"767\">tour privado<\/strong>, sujeto a disponibilidad y tarifas correspondientes.<\/p><p data-start=\"822\" data-end=\"1142\">Un d\u00eda antes del tour compartido se asignar\u00e1 un rango horario aproximado de recojo y retorno. Es importante respetar los horarios indicados para no retrasar al grupo. La duraci\u00f3n del tour puede variar dependiendo del tr\u00e1fico, condiciones del clima o ritmo del grupo, por lo que el horario de retorno es solo referencial.<\/p><p data-start=\"1144\" data-end=\"1232\">La ubicaci\u00f3n dentro del transporte se asigna generalmente por orden de recojo o llegada.<\/p><p data-start=\"1234\" data-end=\"1435\">Las entradas a atractivos tur\u00edsticos pueden incluirse como adicionales durante el proceso de compra o adquirirse directamente en el lugar. Los precios de dichas entradas pueden variar sin previo aviso.<\/p><p data-start=\"1437\" data-end=\"1527\">Los menores de edad deber\u00e1n participar en los tours acompa\u00f1ados por un adulto responsable.<\/p><p data-start=\"1529\" data-end=\"1702\">Debido a que muchas actividades se realizan al aire libre, las caracter\u00edsticas naturales del paisaje pueden variar seg\u00fan las condiciones clim\u00e1ticas y la luz natural del d\u00eda.<\/p><p data-start=\"1704\" data-end=\"1773\">No est\u00e1 permitido llevar mascotas durante las actividades tur\u00edsticas.<\/p><h5 data-section-id=\"7ij37h\" data-start=\"1775\" data-end=\"1805\">Reservas, Pagos y Dep\u00f3sitos<\/h5><p data-start=\"1806\" data-end=\"1919\">Para confirmar una reserva es necesario haber realizado el pago total del servicio o el dep\u00f3sito correspondiente.<\/p><p data-start=\"1921\" data-end=\"2117\">La reserva se considerar\u00e1 confirmada cuando el cliente reciba una notificaci\u00f3n de confirmaci\u00f3n a trav\u00e9s de correo electr\u00f3nico o WhatsApp por parte del operador o la empresa encargada del servicio.<\/p><p data-start=\"2119\" data-end=\"2365\">De acuerdo con la normativa peruana, los turistas extranjeros pueden estar exonerados del impuesto IGV (18%). Para aplicar esta exoneraci\u00f3n se deber\u00e1 presentar una copia del documento utilizado para ingresar al pa\u00eds y la fecha de ingreso al Per\u00fa.<\/p><p data-start=\"2367\" data-end=\"2456\">En caso de no contar con esta informaci\u00f3n, se deber\u00e1 aplicar el impuesto correspondiente.<\/p><h5 data-section-id=\"fhsfho\" data-start=\"2458\" data-end=\"2501\">Reservas de Programas Tur\u00edsticos y Tours<\/h5><p data-start=\"2502\" data-end=\"2606\">Toda reserva confirmada garantiza los servicios solicitados dentro del programa o itinerario contratado.<\/p><p data-start=\"2608\" data-end=\"2733\">El pasajero deber\u00e1 identificarse con su documento de identidad o pasaporte para iniciar la prestaci\u00f3n del servicio tur\u00edstico.<\/p><p data-start=\"2735\" data-end=\"2894\">Es responsabilidad del pasajero proporcionar con anticipaci\u00f3n la informaci\u00f3n de llegada, salida y cualquier requerimiento especial relacionado con el servicio.<\/p><p data-start=\"2896\" data-end=\"3043\">Si el programa incluye transporte, el pasajero deber\u00e1 presentarse puntualmente en el lugar y hora indicados para el proceso de check-in y embarque.<\/p><p data-start=\"3045\" data-end=\"3123\">Todas las reservas de boletos son personales, intransferibles y no endosables.<\/p><p data-start=\"3125\" data-end=\"3335\">Los tours pueden estar sujetos a condiciones clim\u00e1ticas. En caso de no poder realizarse una actividad por factores clim\u00e1ticos, se podr\u00e1 ofrecer una alternativa similar o una reprogramaci\u00f3n seg\u00fan disponibilidad.<\/p><h5 data-section-id=\"jmiks7\" data-start=\"3337\" data-end=\"3378\">Pol\u00edticas de Cancelaci\u00f3n y Penalidades<\/h5><h3 data-section-id=\"1qxvcl4\" data-start=\"3380\" data-end=\"3404\">Cancelaci\u00f3n de Tours<\/h3><p data-start=\"3405\" data-end=\"3618\">M\u00e1s de 30 d\u00edas antes del servicio: penalidad del <strong data-start=\"3454\" data-end=\"3471\">20% del total<\/strong>.<br data-start=\"3472\" data-end=\"3475\" \/>Entre 7 y 30 d\u00edas antes del servicio: penalidad del <strong data-start=\"3527\" data-end=\"3544\">40% del total<\/strong>.<br data-start=\"3545\" data-end=\"3548\" \/>Menos de 15 d\u00edas antes del servicio: penalidad del <strong data-start=\"3599\" data-end=\"3617\">100% del total<\/strong>.<\/p><h5 data-section-id=\"1cv812u\" data-start=\"3620\" data-end=\"3640\">Cambios de Fecha<\/h5><p data-start=\"3641\" data-end=\"3852\">M\u00e1s de 30 d\u00edas antes del servicio: penalidad del <strong data-start=\"3690\" data-end=\"3706\">5% del total<\/strong>.<br data-start=\"3707\" data-end=\"3710\" \/>Entre 7 y 30 d\u00edas antes del servicio: penalidad del <strong data-start=\"3762\" data-end=\"3779\">10% del total<\/strong>.<br data-start=\"3780\" data-end=\"3783\" \/>Menos de 7 d\u00edas antes del servicio: penalidad del <strong data-start=\"3833\" data-end=\"3851\">100% del total<\/strong>.<\/p><p data-start=\"3854\" data-end=\"3903\">Todos los cambios est\u00e1n sujetos a disponibilidad.<\/p><p data-start=\"3905\" data-end=\"4065\">No habr\u00e1 reembolsos en caso de retrasos en vuelos, demoras en trenes, condiciones clim\u00e1ticas adversas u otros factores externos fuera del control de la empresa.<\/p><p data-start=\"4067\" data-end=\"4203\">Los cambios de tours solo podr\u00e1n realizarse por servicios del mismo valor o menor costo antes de los 15 d\u00edas previos al inicio del tour.<\/p><p data-start=\"4205\" data-end=\"4264\">Los programas que incluyan transporte no son reembolsables.<\/p><p data-start=\"4266\" data-end=\"4422\">En caso de que el pasajero decida abandonar el servicio antes de su finalizaci\u00f3n o no participe en las actividades programadas, no se realizar\u00e1n reembolsos.<\/p><p data-start=\"4424\" data-end=\"4519\">Cualquier reembolso aprobado se realizar\u00e1 dentro de un plazo aproximado de <strong data-start=\"4499\" data-end=\"4518\">45 d\u00edas h\u00e1biles<\/strong>.<\/p><h5 data-section-id=\"120r6gs\" data-start=\"4521\" data-end=\"4537\">Documentaci\u00f3n<\/h5><p data-start=\"4538\" data-end=\"4661\">Los pasajeros deben portar un pasaporte v\u00e1lido o documento de identidad seg\u00fan las normas migratorias aplicables en el Per\u00fa.<\/p><p data-start=\"4663\" data-end=\"4803\">Los viajeros que participen en tours, paquetes o servicios tur\u00edsticos deber\u00e1n portar su documentaci\u00f3n durante toda la duraci\u00f3n del servicio.<\/p><p data-start=\"4805\" data-end=\"5031\">En el caso de menores de edad, deber\u00e1n viajar con su documento de identidad o pasaporte. Si el menor viaja solo con uno de los padres o con un tutor, deber\u00e1 presentar la autorizaci\u00f3n correspondiente seg\u00fan la normativa vigente.<\/p><p data-start=\"5033\" data-end=\"5145\">La falta de documentaci\u00f3n requerida puede impedir la prestaci\u00f3n del servicio contratado sin derecho a reembolso.<\/p><h5 data-section-id=\"jj2uqr\" data-start=\"5147\" data-end=\"5180\">Responsabilidad y Fuerza Mayor<\/h5><p data-start=\"5181\" data-end=\"5421\">La empresa no ser\u00e1 responsable por la cancelaci\u00f3n o modificaci\u00f3n de servicios debido a condiciones clim\u00e1ticas adversas, desastres naturales, movimientos pol\u00edticos, huelgas, accidentes u otras situaciones de fuerza mayor fuera de su control.<\/p><p data-start=\"5423\" data-end=\"5510\">En estos casos, se podr\u00e1n ofrecer alternativas o reprogramaciones seg\u00fan disponibilidad.<\/p><p data-start=\"5512\" data-end=\"5765\">La empresa act\u00faa como intermediaria entre los pasajeros y los proveedores de servicios tur\u00edsticos como hoteles, operadores, empresas de transporte, aerol\u00edneas u otros prestadores. Cada proveedor opera bajo sus propias condiciones y regulaciones legales.<\/p><p data-start=\"5767\" data-end=\"5878\">La empresa no ser\u00e1 responsable por p\u00e9rdidas, da\u00f1os o lesiones ocasionadas por servicios prestados por terceros.<\/p><p data-start=\"5880\" data-end=\"6124\">En caso de que un proveedor deje de operar por motivos internos, laborales o legales, los procesos de reembolso o compensaci\u00f3n se realizar\u00e1n conforme a la normativa vigente y los procedimientos establecidos por las autoridades correspondientes.<\/p>\t\t\t\t\t\t\t\t<\/div>\n\t\t\t\t\t<\/div>\n\t\t\t\t<\/div>\n\t\t\t\t<\/div>","protected":false},"excerpt":{"rendered":"<p>Precios de Programas y Servicios Todas las tarifas de los servicios ofrecidos est\u00e1n sujetas a cambios y disponibilidad de espacio al momento de confirmar la reserva. Tours Compartidos Un tour compartido significa que el servicio puede realizarse junto a otros viajeros de diferentes nacionalidades y edades, operado por uno o varios proveedores tur\u00edsticos. Los grupos [&hellip;]<\/p>\n","protected":false},"author":1,"featured_media":0,"parent":0,"menu_order":0,"comment_status":"closed","ping_status":"closed","template":"elementor_header_footer","meta":{"_joinchat":[],"footnotes":""},"class_list":["post-2446","page","type-page","status-publish","hentry"],"_links":{"self":[{"href":"https:\/\/incajungletrail.com\/en\/wp-json\/wp\/v2\/pages\/2446","targetHints":{"allow":["GET"]}}],"collection":[{"href":"https:\/\/incajungletrail.com\/en\/wp-json\/wp\/v2\/pages"}],"about":[{"href":"https:\/\/incajungletrail.com\/en\/wp-json\/wp\/v2\/types\/page"}],"author":[{"embeddable":true,"href":"https:\/\/incajungletrail.com\/en\/wp-json\/wp\/v2\/users\/1"}],"replies":[{"embeddable":true,"href":"https:\/\/incajungletrail.com\/en\/wp-json\/wp\/v2\/comments?post=2446"}],"version-history":[{"count":28,"href":"https:\/\/incajungletrail.com\/en\/wp-json\/wp\/v2\/pages\/2446\/revisions"}],"predecessor-version":[{"id":4268,"href":"https:\/\/incajungletrail.com\/en\/wp-json\/wp\/v2\/pages\/2446\/revisions\/4268"}],"wp:attachment":[{"href":"https:\/\/incajungletrail.com\/en\/wp-json\/wp\/v2\/media?parent=2446"}],"curies":[{"name":"wp","href":"https:\/\/api.w.org\/{rel}","templated":true}]}}