{"id":3433,"date":"2026-03-03T11:10:54","date_gmt":"2026-03-03T16:10:54","guid":{"rendered":"https:\/\/incajungletrail.com\/?page_id=3433"},"modified":"2026-03-05T17:43:21","modified_gmt":"2026-03-05T22:43:21","slug":"contacto","status":"publish","type":"page","link":"https:\/\/incajungletrail.com\/en\/contacto\/","title":{"rendered":"CONTACT"},"content":{"rendered":"<div data-elementor-type=\"wp-page\" data-elementor-id=\"3433\" class=\"elementor elementor-3433\" data-elementor-post-type=\"page\">\n\t\t\t\t\t\t<section class=\"elementor-section elementor-top-section elementor-element elementor-element-24369048 elementor-section-full_width elementor-section-height-min-height elementor-section-height-default elementor-section-items-middle\" data-id=\"24369048\" data-element_type=\"section\" data-e-type=\"section\" data-settings=\"{&quot;background_background&quot;:&quot;classic&quot;}\">\n\t\t\t\t\t\t\t<div class=\"elementor-background-overlay\"><\/div>\n\t\t\t\t\t\t\t<div class=\"elementor-container elementor-column-gap-no\">\n\t\t\t\t\t<div class=\"elementor-column elementor-col-100 elementor-top-column elementor-element elementor-element-1a38565b\" data-id=\"1a38565b\" data-element_type=\"column\" data-e-type=\"column\">\n\t\t\t<div class=\"elementor-widget-wrap elementor-element-populated\">\n\t\t\t\t\t\t<div class=\"elementor-element elementor-element-256e1343 elementor-widget elementor-widget-heading\" data-id=\"256e1343\" data-element_type=\"widget\" data-e-type=\"widget\" data-widget_type=\"heading.default\">\n\t\t\t\t\t<h1 class=\"elementor-heading-title elementor-size-default\">Contact<\/h1>\t\t\t\t<\/div>\n\t\t\t\t\t<\/div>\n\t\t<\/div>\n\t\t\t\t\t<\/div>\n\t\t<\/section>\n\t\t<div class=\"elementor-element elementor-element-ac59016 e-flex e-con-boxed e-con e-parent\" data-id=\"ac59016\" data-element_type=\"container\" data-e-type=\"container\">\n\t\t\t\t\t<div class=\"e-con-inner\">\n\t\t<div class=\"elementor-element elementor-element-e4e7abc e-con-full e-flex e-con e-child\" data-id=\"e4e7abc\" data-element_type=\"container\" data-e-type=\"container\">\n\t\t\t\t<div class=\"elementor-element elementor-element-e43acef elementor-widget elementor-widget-heading\" data-id=\"e43acef\" data-element_type=\"widget\" data-e-type=\"widget\" data-widget_type=\"heading.default\">\n\t\t\t\t\t<h2 class=\"elementor-heading-title elementor-size-default\">CONTACT<\/h2>\t\t\t\t<\/div>\n\t\t\t\t<div class=\"elementor-element elementor-element-b81793f elementor-widget elementor-widget-text-editor\" data-id=\"b81793f\" data-element_type=\"widget\" data-e-type=\"widget\" data-widget_type=\"text-editor.default\">\n\t\t\t\t\t\t\t\t\t<p>Explore the Sacred Valley, Santa Maria, Santa Teresa and Aguas Calientes on a unique journey that culminates in Machu Picchu at dawn.<\/p>\t\t\t\t\t\t\t\t<\/div>\n\t\t\t\t<div class=\"elementor-element elementor-element-fb9876b elementor-widget elementor-widget-heading\" data-id=\"fb9876b\" data-element_type=\"widget\" data-e-type=\"widget\" data-widget_type=\"heading.default\">\n\t\t\t\t\t<h2 class=\"elementor-heading-title elementor-size-default\">OUR ADDRESS<\/h2>\t\t\t\t<\/div>\n\t\t\t\t<div class=\"elementor-element elementor-element-574c851 elementor-icon-list--layout-traditional elementor-list-item-link-full_width elementor-widget elementor-widget-icon-list\" data-id=\"574c851\" data-element_type=\"widget\" data-e-type=\"widget\" data-widget_type=\"icon-list.default\">\n\t\t\t\t\t\t\t<ul class=\"elementor-icon-list-items\">\n\t\t\t\t\t\t\t<li class=\"elementor-icon-list-item\">\n\t\t\t\t\t\t\t\t\t\t\t<span class=\"elementor-icon-list-icon\">\n\t\t\t\t\t\t\t<svg class=\"ekit-svg-icon icon-google-map\" viewbox=\"0 0 43 32\" xmlns=\"http:\/\/www.w3.org\/2000\/svg\"><path d=\"M13.19 11.863c0.234-0.078 0.312-0.312 0.234-0.468-0.234-0.859-0.39-1.561-0.39-2.185 0.078-4.683 3.824-8.429 8.429-8.429s8.429 3.746 8.429 8.429c0 2.498-2.654 8.039-7.259 15.22-0.234 0.39-0.702 0.624-1.171 0.624v0c-0.468 0-0.937-0.234-1.171-0.624-1.327-2.107-3.278-5.229-4.761-8.273-0.078-0.156-0.312-0.234-0.546-0.156-0.156 0.078-0.234 0.312-0.156 0.546 1.561 3.044 3.512 6.244 4.839 8.351 0.39 0.624 1.093 1.015 1.795 1.015 0 0 0 0 0 0 0.702 0 1.405-0.39 1.795-1.015 2.732-4.293 7.337-12.020 7.337-15.688 0.078-5.073-4.059-9.21-9.132-9.21s-9.132 4.137-9.132 9.21c0 0.624 0.156 1.483 0.468 2.419 0 0.156 0.234 0.234 0.39 0.234z\"><\/path><path d=\"M25.522 9.21c0-2.263-1.795-4.059-4.059-4.059s-4.059 1.795-4.059 4.059c0 2.263 1.795 4.059 4.059 4.059 2.263-0.078 4.059-1.873 4.059-4.059zM18.185 9.21c0-1.795 1.483-3.278 3.278-3.278s3.278 1.483 3.278 3.278c0 1.795-1.483 3.278-3.278 3.278s-3.278-1.483-3.278-3.278z\"><\/path><path d=\"M42.615 28.098l-4.449-7.883c-0.468-0.859-1.327-1.327-2.263-1.327h-4.683c-0.234 0-0.39 0.156-0.39 0.39s0.156 0.39 0.39 0.39h4.683c0.702 0 1.249 0.39 1.639 0.937l0.781 1.405-3.902 4.371c-0.156 0.156-0.156 0.39 0 0.546 0.078 0.078 0.156 0.078 0.234 0.078s0.234-0.078 0.312-0.156l3.668-4.137 3.2 5.776c0.312 0.546 0.312 1.249 0 1.795s-0.937 0.937-1.561 0.937h-37.62c-0.624 0-1.171-0.312-1.561-0.859l14.283-3.902c0.234-0.078 0.312-0.234 0.312-0.468-0.078-0.234-0.234-0.312-0.468-0.312l-14.439 3.98c-0.078-0.39 0-0.78 0.234-1.171l4.449-7.883c0.312-0.546 0.937-0.937 1.639-0.937h3.824c0.234 0 0.39-0.156 0.39-0.39s-0.156-0.39-0.39-0.39h-3.902c-0.937 0-1.795 0.546-2.263 1.327l-4.449 7.883c-0.468 0.859-0.468 1.795 0 2.576s1.327 1.327 2.263 1.327h37.698c0.937 0 1.795-0.468 2.263-1.327 0.546-0.78 0.546-1.795 0.078-2.576z\"><\/path><\/svg>\t\t\t\t\t\t<\/span>\n\t\t\t\t\t\t\t\t\t\t<span class=\"elementor-icon-list-text\">Calle Triunfo #354 interior 2do Piso<\/span>\n\t\t\t\t\t\t\t\t\t<\/li>\n\t\t\t\t\t\t\t\t<li class=\"elementor-icon-list-item\">\n\t\t\t\t\t\t\t\t\t\t\t<span class=\"elementor-icon-list-icon\">\n\t\t\t\t\t\t\t<svg class=\"ekit-svg-icon icon-map-marker\" viewbox=\"0 0 32 32\" xmlns=\"http:\/\/www.w3.org\/2000\/svg\"><path d=\"M16 32c-0.245 0-0.477-0.113-0.629-0.306-0.092-0.117-2.268-2.902-4.476-7.016-1.299-2.422-2.336-4.799-3.080-7.066-0.939-2.859-1.415-5.555-1.415-8.012 0-5.293 4.307-9.6 9.6-9.6s9.6 4.307 9.6 9.6c0 2.457-0.476 5.153-1.415 8.012-0.744 2.267-1.781 4.645-3.080 7.066-2.207 4.114-4.384 6.899-4.476 7.016-0.152 0.193-0.384 0.306-0.629 0.306zM16 1.6c-4.411 0-8 3.589-8 8 0 5.206 2.341 10.662 4.305 14.322 1.443 2.69 2.895 4.822 3.695 5.936 0.803-1.118 2.263-3.264 3.709-5.961 1.958-3.653 4.291-9.099 4.291-14.296 0-4.411-3.589-8-8-8zM16 14.4c-2.647 0-4.8-2.153-4.8-4.8s2.153-4.8 4.8-4.8 4.8 2.153 4.8 4.8-2.153 4.8-4.8 4.8zM16 6.4c-1.764 0-3.2 1.436-3.2 3.2s1.435 3.2 3.2 3.2c1.764 0 3.2-1.435 3.2-3.2s-1.436-3.2-3.2-3.2z\"><\/path><\/svg>\t\t\t\t\t\t<\/span>\n\t\t\t\t\t\t\t\t\t\t<span class=\"elementor-icon-list-text\">Cusco<\/span>\n\t\t\t\t\t\t\t\t\t<\/li>\n\t\t\t\t\t\t\t\t<li class=\"elementor-icon-list-item\">\n\t\t\t\t\t\t\t\t\t\t\t<span class=\"elementor-icon-list-icon\">\n\t\t\t\t\t\t\t<svg class=\"ekit-svg-icon icon-map-marker1\" viewbox=\"0 0 32 32\" xmlns=\"http:\/\/www.w3.org\/2000\/svg\"><path d=\"M15.988 6.775c-3.694 0-6.694 3.006-6.694 6.694s3 6.7 6.694 6.7 6.694-3.006 6.694-6.694-3-6.7-6.694-6.7zM15.988 18.563c-2.806 0-5.088-2.288-5.088-5.088s2.287-5.088 5.088-5.088 5.088 2.287 5.088 5.088-2.275 5.088-5.088 5.088zM15.988 0.4c-0.15 0-0.306 0-0.456 0.006-6.456 0.225-11.787 5.237-12.406 11.662-0.119 1.244-0.056 2.494 0.169 3.688 0 0 0.019 0.15 0.094 0.431 0.194 0.881 0.494 1.744 0.862 2.538 1.331 3.15 4.244 8 10.569 13.25 0.331 0.275 0.75 0.425 1.188 0.425 0.431 0 0.85-0.15 1.188-0.425 6.319-5.244 9.231-10.1 10.556-13.225 0.381-0.819 0.675-1.681 0.869-2.563 0.038-0.156 0.063-0.287 0.087-0.412 0.156-0.806 0.238-1.631 0.238-2.456-0.025-7.119-5.825-12.919-12.956-12.919zM27.106 15.5c0 0.012-0.019 0.125-0.063 0.325-0.175 0.775-0.431 1.525-0.775 2.269-1.262 2.988-4.037 7.6-10.106 12.637-0.056 0.044-0.119 0.056-0.163 0.056-0.037 0-0.106-0.012-0.162-0.056-6.075-5.037-8.856-9.65-10.125-12.656-0.331-0.719-0.588-1.475-0.769-2.25-0.037-0.169-0.056-0.275-0.063-0.306 0-0.012-0.006-0.025-0.006-0.037-0.2-1.069-0.256-2.169-0.15-3.256 0.544-5.625 5.212-10.019 10.869-10.213 6.425-0.225 11.725 4.938 11.725 11.319 0 0.719-0.075 1.438-0.212 2.169z\"><\/path><\/svg>\t\t\t\t\t\t<\/span>\n\t\t\t\t\t\t\t\t\t\t<span class=\"elementor-icon-list-text\">Peru - South America<\/span>\n\t\t\t\t\t\t\t\t\t<\/li>\n\t\t\t\t\t\t\t\t<li class=\"elementor-icon-list-item\">\n\t\t\t\t\t\t\t\t\t\t\t<span class=\"elementor-icon-list-icon\">\n\t\t\t\t\t\t\t<svg class=\"ekit-svg-icon icon-mail\" viewbox=\"0 0 32 32\" xmlns=\"http:\/\/www.w3.org\/2000\/svg\"><path d=\"M31.977 13.216c-0-0.384-0.151-0.745-0.423-1.016s-0.632-0.42-1.015-0.42c-0.001 0-0.001 0-0.002 0l-29.101 0.040c-0.384 0.001-0.745 0.151-1.016 0.423s-0.42 0.633-0.42 1.017l0.023 16.445c0.001 0.792 0.646 1.436 1.438 1.436 0.001 0 0.001 0 0.002 0l29.101-0.040c0.384-0 0.745-0.151 1.016-0.423s0.42-0.633 0.42-1.017l-0.023-16.445zM28.959 13.22l-12.957 9.008-12.983-8.972 25.941-0.036zM21.403 23.671l7.728 5.994-26.284 0.036 7.774-6.030c0.314-0.243 0.371-0.695 0.127-1.009s-0.695-0.371-1.009-0.127l-8.28 6.423-0.021-15.045 14.155 9.782c0.123 0.085 0.266 0.128 0.409 0.128s0.287-0.043 0.41-0.129l14.127-9.821 0.022 15.082-8.277-6.42c-0.314-0.243-0.765-0.186-1.009 0.128s-0.186 0.765 0.127 1.009zM19.407 4.298l-2.616-2.337c-0.451-0.403-1.131-0.403-1.582 0l-2.616 2.337c-0.296 0.265-0.322 0.719-0.057 1.015s0.719 0.322 1.015 0.057l1.73-1.545v5.542c0 0.397 0.322 0.719 0.719 0.719s0.719-0.322 0.719-0.719v-5.542l1.73 1.545c0.137 0.122 0.308 0.183 0.479 0.183 0.198 0 0.395-0.081 0.537-0.24 0.265-0.296 0.239-0.751-0.057-1.015z\"><\/path><\/svg>\t\t\t\t\t\t<\/span>\n\t\t\t\t\t\t\t\t\t\t<span class=\"elementor-icon-list-text\">info@incajungletrail.com<\/span>\n\t\t\t\t\t\t\t\t\t<\/li>\n\t\t\t\t\t\t\t\t<li class=\"elementor-icon-list-item\">\n\t\t\t\t\t\t\t\t\t\t\t<span class=\"elementor-icon-list-icon\">\n\t\t\t\t\t\t\t<svg class=\"ekit-svg-icon icon-mail\" viewbox=\"0 0 32 32\" xmlns=\"http:\/\/www.w3.org\/2000\/svg\"><path d=\"M31.977 13.216c-0-0.384-0.151-0.745-0.423-1.016s-0.632-0.42-1.015-0.42c-0.001 0-0.001 0-0.002 0l-29.101 0.040c-0.384 0.001-0.745 0.151-1.016 0.423s-0.42 0.633-0.42 1.017l0.023 16.445c0.001 0.792 0.646 1.436 1.438 1.436 0.001 0 0.001 0 0.002 0l29.101-0.040c0.384-0 0.745-0.151 1.016-0.423s0.42-0.633 0.42-1.017l-0.023-16.445zM28.959 13.22l-12.957 9.008-12.983-8.972 25.941-0.036zM21.403 23.671l7.728 5.994-26.284 0.036 7.774-6.030c0.314-0.243 0.371-0.695 0.127-1.009s-0.695-0.371-1.009-0.127l-8.28 6.423-0.021-15.045 14.155 9.782c0.123 0.085 0.266 0.128 0.409 0.128s0.287-0.043 0.41-0.129l14.127-9.821 0.022 15.082-8.277-6.42c-0.314-0.243-0.765-0.186-1.009 0.128s-0.186 0.765 0.127 1.009zM19.407 4.298l-2.616-2.337c-0.451-0.403-1.131-0.403-1.582 0l-2.616 2.337c-0.296 0.265-0.322 0.719-0.057 1.015s0.719 0.322 1.015 0.057l1.73-1.545v5.542c0 0.397 0.322 0.719 0.719 0.719s0.719-0.322 0.719-0.719v-5.542l1.73 1.545c0.137 0.122 0.308 0.183 0.479 0.183 0.198 0 0.395-0.081 0.537-0.24 0.265-0.296 0.239-0.751-0.057-1.015z\"><\/path><\/svg>\t\t\t\t\t\t<\/span>\n\t\t\t\t\t\t\t\t\t\t<span class=\"elementor-icon-list-text\">arturo@reserv-cusco-peru.com<\/span>\n\t\t\t\t\t\t\t\t\t<\/li>\n\t\t\t\t\t\t\t\t<li class=\"elementor-icon-list-item\">\n\t\t\t\t\t\t\t\t\t\t\t<span class=\"elementor-icon-list-icon\">\n\t\t\t\t\t\t\t<svg class=\"ekit-svg-icon icon-phone-call2\" viewbox=\"0 0 32 32\" xmlns=\"http:\/\/www.w3.org\/2000\/svg\"><path d=\"M30.637 22.825l-2.794-2.794c-0.844-0.844-2.344-0.781-3.119 0.063-1.819 2.019-2.538 2.275-2.731 2.344-0.325 0.063-0.65 0.063-0.975 0.063-2.6 0-6.050-1.95-8.45-4.944-2.019-2.469-2.994-5.137-2.6-7.15 0.063-0.131 0.325-0.912 2.344-2.731 0.456-0.388 0.713-0.975 0.713-1.563s-0.262-1.169-0.65-1.563l-2.794-2.794c-0.713-0.712-1.888-0.844-2.731-0.262-2.8 2.019-6.119 4.75-6.119 6.7 0 8.325 15.15 23.475 23.475 23.475 2.019 0 4.744-3.319 6.7-6.113 0.581-0.844 0.45-2.012-0.269-2.731zM29.925 24.906c-2.406 3.381-4.619 5.525-5.656 5.525-7.675 0-22.238-14.563-22.238-22.238 0-1.106 2.081-3.25 5.525-5.656 0.331-0.212 0.75-0.2 1.106 0.194l2.794 2.794c0.4 0.425 0.2 1.063-0.063 1.3-2.213 2.019-2.6 2.925-2.731 3.444-0.456 2.406 0.588 5.394 2.863 8.194 2.669 3.25 6.375 5.394 9.425 5.394 0.456 0 0.844-0.063 1.238-0.131 0.519-0.131 1.431-0.519 3.444-2.731 0.325-0.387 0.975-0.387 1.3-0.063l2.863 2.863c0.325 0.269 0.394 0.788 0.131 1.113zM25.569 7.156c2.144 2.144 3.056 5.2 2.538 8.125l1.238 0.194c0.587-3.381-0.519-6.825-2.863-9.231-2.538-2.538-6.175-3.575-9.688-2.794l0.262 1.237c3.050-0.719 6.238 0.194 8.512 2.469zM24.594 14.831c0.325-1.887-0.262-3.838-1.625-5.2-1.431-1.431-3.444-2.019-5.462-1.563l0.262 1.238c1.563-0.325 3.188 0.131 4.294 1.238s1.563 2.6 1.3 4.094l1.231 0.194z\"><\/path><\/svg>\t\t\t\t\t\t<\/span>\n\t\t\t\t\t\t\t\t\t\t<span class=\"elementor-icon-list-text\">+51-954544405<\/span>\n\t\t\t\t\t\t\t\t\t<\/li>\n\t\t\t\t\t\t\t\t<li class=\"elementor-icon-list-item\">\n\t\t\t\t\t\t\t\t\t\t\t<span class=\"elementor-icon-list-icon\">\n\t\t\t\t\t\t\t<svg class=\"ekit-svg-icon icon-phone-call2\" viewbox=\"0 0 32 32\" xmlns=\"http:\/\/www.w3.org\/2000\/svg\"><path d=\"M30.637 22.825l-2.794-2.794c-0.844-0.844-2.344-0.781-3.119 0.063-1.819 2.019-2.538 2.275-2.731 2.344-0.325 0.063-0.65 0.063-0.975 0.063-2.6 0-6.050-1.95-8.45-4.944-2.019-2.469-2.994-5.137-2.6-7.15 0.063-0.131 0.325-0.912 2.344-2.731 0.456-0.388 0.713-0.975 0.713-1.563s-0.262-1.169-0.65-1.563l-2.794-2.794c-0.713-0.712-1.888-0.844-2.731-0.262-2.8 2.019-6.119 4.75-6.119 6.7 0 8.325 15.15 23.475 23.475 23.475 2.019 0 4.744-3.319 6.7-6.113 0.581-0.844 0.45-2.012-0.269-2.731zM29.925 24.906c-2.406 3.381-4.619 5.525-5.656 5.525-7.675 0-22.238-14.563-22.238-22.238 0-1.106 2.081-3.25 5.525-5.656 0.331-0.212 0.75-0.2 1.106 0.194l2.794 2.794c0.4 0.425 0.2 1.063-0.063 1.3-2.213 2.019-2.6 2.925-2.731 3.444-0.456 2.406 0.588 5.394 2.863 8.194 2.669 3.25 6.375 5.394 9.425 5.394 0.456 0 0.844-0.063 1.238-0.131 0.519-0.131 1.431-0.519 3.444-2.731 0.325-0.387 0.975-0.387 1.3-0.063l2.863 2.863c0.325 0.269 0.394 0.788 0.131 1.113zM25.569 7.156c2.144 2.144 3.056 5.2 2.538 8.125l1.238 0.194c0.587-3.381-0.519-6.825-2.863-9.231-2.538-2.538-6.175-3.575-9.688-2.794l0.262 1.237c3.050-0.719 6.238 0.194 8.512 2.469zM24.594 14.831c0.325-1.887-0.262-3.838-1.625-5.2-1.431-1.431-3.444-2.019-5.462-1.563l0.262 1.238c1.563-0.325 3.188 0.131 4.294 1.238s1.563 2.6 1.3 4.094l1.231 0.194z\"><\/path><\/svg>\t\t\t\t\t\t<\/span>\n\t\t\t\t\t\t\t\t\t\t<span class=\"elementor-icon-list-text\">+51-984207793<\/span>\n\t\t\t\t\t\t\t\t\t<\/li>\n\t\t\t\t\t\t<\/ul>\n\t\t\t\t\t\t<\/div>\n\t\t\t\t<div class=\"elementor-element elementor-element-6d68e73 elementor-shape-circle e-grid-align-left elementor-grid-0 elementor-widget elementor-widget-social-icons\" data-id=\"6d68e73\" data-element_type=\"widget\" data-e-type=\"widget\" data-widget_type=\"social-icons.default\">\n\t\t\t\t\t\t\t<div class=\"elementor-social-icons-wrapper elementor-grid\" role=\"list\">\n\t\t\t\t\t\t\t<span class=\"elementor-grid-item\" role=\"listitem\">\n\t\t\t\t\t<a class=\"elementor-icon elementor-social-icon elementor-social-icon-facebook elementor-repeater-item-7a452f5\" href=\"https:\/\/www.facebook.com\/RESERVCUSCOINCAJUNGLETREK\/\" target=\"_blank\">\n\t\t\t\t\t\t<span class=\"elementor-screen-only\">Facebook<\/span>\n\t\t\t\t\t\t<svg aria-hidden=\"true\" class=\"e-font-icon-svg e-fab-facebook\" viewbox=\"0 0 512 512\" xmlns=\"http:\/\/www.w3.org\/2000\/svg\"><path d=\"M504 256C504 119 393 8 256 8S8 119 8 256c0 123.78 90.69 226.38 209.25 245V327.69h-63V256h63v-54.64c0-62.15 37-96.48 93.67-96.48 27.14 0 55.52 4.84 55.52 4.84v61h-31.28c-30.8 0-40.41 19.12-40.41 38.73V256h68.78l-11 71.69h-57.78V501C413.31 482.38 504 379.78 504 256z\"><\/path><\/svg>\t\t\t\t\t<\/a>\n\t\t\t\t<\/span>\n\t\t\t\t\t\t\t<span class=\"elementor-grid-item\" role=\"listitem\">\n\t\t\t\t\t<a class=\"elementor-icon elementor-social-icon elementor-social-icon-instagram elementor-repeater-item-9afaf78\" href=\"https:\/\/www.instagram.com\/reserv.cusco\/\" target=\"_blank\">\n\t\t\t\t\t\t<span class=\"elementor-screen-only\">Instagram<\/span>\n\t\t\t\t\t\t<svg aria-hidden=\"true\" class=\"e-font-icon-svg e-fab-instagram\" viewbox=\"0 0 448 512\" xmlns=\"http:\/\/www.w3.org\/2000\/svg\"><path d=\"M224.1 141c-63.6 0-114.9 51.3-114.9 114.9s51.3 114.9 114.9 114.9S339 319.5 339 255.9 287.7 141 224.1 141zm0 189.6c-41.1 0-74.7-33.5-74.7-74.7s33.5-74.7 74.7-74.7 74.7 33.5 74.7 74.7-33.6 74.7-74.7 74.7zm146.4-194.3c0 14.9-12 26.8-26.8 26.8-14.9 0-26.8-12-26.8-26.8s12-26.8 26.8-26.8 26.8 12 26.8 26.8zm76.1 27.2c-1.7-35.9-9.9-67.7-36.2-93.9-26.2-26.2-58-34.4-93.9-36.2-37-2.1-147.9-2.1-184.9 0-35.8 1.7-67.6 9.9-93.9 36.1s-34.4 58-36.2 93.9c-2.1 37-2.1 147.9 0 184.9 1.7 35.9 9.9 67.7 36.2 93.9s58 34.4 93.9 36.2c37 2.1 147.9 2.1 184.9 0 35.9-1.7 67.7-9.9 93.9-36.2 26.2-26.2 34.4-58 36.2-93.9 2.1-37 2.1-147.8 0-184.8zM398.8 388c-7.8 19.6-22.9 34.7-42.6 42.6-29.5 11.7-99.5 9-132.1 9s-102.7 2.6-132.1-9c-19.6-7.8-34.7-22.9-42.6-42.6-11.7-29.5-9-99.5-9-132.1s-2.6-102.7 9-132.1c7.8-19.6 22.9-34.7 42.6-42.6 29.5-11.7 99.5-9 132.1-9s102.7-2.6 132.1 9c19.6 7.8 34.7 22.9 42.6 42.6 11.7 29.5 9 99.5 9 132.1s2.7 102.7-9 132.1z\"><\/path><\/svg>\t\t\t\t\t<\/a>\n\t\t\t\t<\/span>\n\t\t\t\t\t\t\t<span class=\"elementor-grid-item\" role=\"listitem\">\n\t\t\t\t\t<a class=\"elementor-icon elementor-social-icon elementor-social-icon-youtube elementor-repeater-item-372a5ff\" href=\"https:\/\/www.youtube.com\/@reservcuscoalternativetrav1231\" target=\"_blank\">\n\t\t\t\t\t\t<span class=\"elementor-screen-only\">Youtube<\/span>\n\t\t\t\t\t\t<svg aria-hidden=\"true\" class=\"e-font-icon-svg e-fab-youtube\" viewbox=\"0 0 576 512\" xmlns=\"http:\/\/www.w3.org\/2000\/svg\"><path d=\"M549.655 124.083c-6.281-23.65-24.787-42.276-48.284-48.597C458.781 64 288 64 288 64S117.22 64 74.629 75.486c-23.497 6.322-42.003 24.947-48.284 48.597-11.412 42.867-11.412 132.305-11.412 132.305s0 89.438 11.412 132.305c6.281 23.65 24.787 41.5 48.284 47.821C117.22 448 288 448 288 448s170.78 0 213.371-11.486c23.497-6.321 42.003-24.171 48.284-47.821 11.412-42.867 11.412-132.305 11.412-132.305s0-89.438-11.412-132.305zm-317.51 213.508V175.185l142.739 81.205-142.739 81.201z\"><\/path><\/svg>\t\t\t\t\t<\/a>\n\t\t\t\t<\/span>\n\t\t\t\t\t\t\t<span class=\"elementor-grid-item\" role=\"listitem\">\n\t\t\t\t\t<a class=\"elementor-icon elementor-social-icon elementor-social-icon-whatsapp elementor-repeater-item-9439b84\" target=\"_blank\">\n\t\t\t\t\t\t<span class=\"elementor-screen-only\">Whatsapp<\/span>\n\t\t\t\t\t\t<svg aria-hidden=\"true\" class=\"e-font-icon-svg e-fab-whatsapp\" viewbox=\"0 0 448 512\" xmlns=\"http:\/\/www.w3.org\/2000\/svg\"><path d=\"M380.9 97.1C339 55.1 283.2 32 223.9 32c-122.4 0-222 99.6-222 222 0 39.1 10.2 77.3 29.6 111L0 480l117.7-30.9c32.4 17.7 68.9 27 106.1 27h.1c122.3 0 224.1-99.6 224.1-222 0-59.3-25.2-115-67.1-157zm-157 341.6c-33.2 0-65.7-8.9-94-25.7l-6.7-4-69.8 18.3L72 359.2l-4.4-7c-18.5-29.4-28.2-63.3-28.2-98.2 0-101.7 82.8-184.5 184.6-184.5 49.3 0 95.6 19.2 130.4 54.1 34.8 34.9 56.2 81.2 56.1 130.5 0 101.8-84.9 184.6-186.6 184.6zm101.2-138.2c-5.5-2.8-32.8-16.2-37.9-18-5.1-1.9-8.8-2.8-12.5 2.8-3.7 5.6-14.3 18-17.6 21.8-3.2 3.7-6.5 4.2-12 1.4-32.6-16.3-54-29.1-75.5-66-5.7-9.8 5.7-9.1 16.3-30.3 1.8-3.7.9-6.9-.5-9.7-1.4-2.8-12.5-30.1-17.1-41.2-4.5-10.8-9.1-9.3-12.5-9.5-3.2-.2-6.9-.2-10.6-.2-3.7 0-9.7 1.4-14.8 6.9-5.1 5.6-19.4 19-19.4 46.3 0 27.3 19.9 53.7 22.6 57.4 2.8 3.7 39.1 59.7 94.8 83.8 35.2 15.2 49 16.5 66.6 13.9 10.7-1.6 32.8-13.4 37.4-26.4 4.6-13 4.6-24.1 3.2-26.4-1.3-2.5-5-3.9-10.5-6.6z\"><\/path><\/svg>\t\t\t\t\t<\/a>\n\t\t\t\t<\/span>\n\t\t\t\t\t<\/div>\n\t\t\t\t\t\t<\/div>\n\t\t\t\t<\/div>\n\t\t<div class=\"elementor-element elementor-element-11679bb e-con-full e-flex e-con e-child\" data-id=\"11679bb\" data-element_type=\"container\" data-e-type=\"container\" data-settings=\"{&quot;background_background&quot;:&quot;classic&quot;}\">\n\t\t\t\t<div class=\"elementor-element elementor-element-a7b3962 elementor-widget elementor-widget-image\" data-id=\"a7b3962\" data-element_type=\"widget\" data-e-type=\"widget\" data-widget_type=\"image.default\">\n\t\t\t\t\t\t\t\t\t\t\t\t\t\t\t<img fetchpriority=\"high\" decoding=\"async\" width=\"423\" height=\"186\" src=\"https:\/\/incajungletrail.com\/wp-content\/uploads\/2025\/11\/logo.png\" class=\"attachment-large size-large wp-image-3329\" alt=\"\" srcset=\"https:\/\/incajungletrail.com\/wp-content\/uploads\/2025\/11\/logo.png 423w, https:\/\/incajungletrail.com\/wp-content\/uploads\/2025\/11\/logo-300x132.png 300w\" sizes=\"(max-width: 423px) 100vw, 423px\" \/>\t\t\t\t\t\t\t\t\t\t\t\t\t\t\t<\/div>\n\t\t\t\t<\/div>\n\t\t\t\t\t<\/div>\n\t\t\t\t<\/div>\n\t\t<div class=\"elementor-element elementor-element-083084e e-con-full e-flex e-con e-parent\" data-id=\"083084e\" data-element_type=\"container\" data-e-type=\"container\">\n\t\t\t\t<div class=\"elementor-element elementor-element-128242a elementor-widget elementor-widget-google_maps\" data-id=\"128242a\" data-element_type=\"widget\" data-e-type=\"widget\" data-widget_type=\"google_maps.default\">\n\t\t\t\t\t\t\t<div class=\"elementor-custom-embed\">\n\t\t\t<iframe loading=\"lazy\"\n\t\t\t\t\tsrc=\"https:\/\/maps.google.com\/maps?q=C.%20Plateros%20324%2C%20Cusco%2008000&#038;t=m&#038;z=18&#038;output=embed&#038;iwloc=near\"\n\t\t\t\t\ttitle=\"C. Plateros 324, Cusco 08000\"\n\t\t\t\t\taria-label=\"C. Plateros 324, Cusco 08000\"\n\t\t\t><\/iframe>\n\t\t<\/div>\n\t\t\t\t\t\t<\/div>\n\t\t\t\t<\/div>\n\t\t\t\t<\/div>","protected":false},"excerpt":{"rendered":"<p>Contacto CONTACTO Explora el Valle Sagrado, Santa Mar\u00eda, Santa Teresa y Aguas Calientes en una traves\u00eda \u00fanica que culmina en Machu Picchu al amanecer. NUESTRA DIRECCI\u00d3N Calle Triunfo #354 interior 2do Piso Cusco Per\u00fa &#8211; Sudam\u00e9rica info@incajungletrail.com arturo@reserv-cusco-peru.com +51-954544405 +51-984207793 Facebook Instagram Youtube Whatsapp<\/p>","protected":false},"author":1,"featured_media":0,"parent":0,"menu_order":0,"comment_status":"closed","ping_status":"closed","template":"elementor_header_footer","meta":{"_joinchat":[],"footnotes":""},"class_list":["post-3433","page","type-page","status-publish","hentry"],"_links":{"self":[{"href":"https:\/\/incajungletrail.com\/en\/wp-json\/wp\/v2\/pages\/3433","targetHints":{"allow":["GET"]}}],"collection":[{"href":"https:\/\/incajungletrail.com\/en\/wp-json\/wp\/v2\/pages"}],"about":[{"href":"https:\/\/incajungletrail.com\/en\/wp-json\/wp\/v2\/types\/page"}],"author":[{"embeddable":true,"href":"https:\/\/incajungletrail.com\/en\/wp-json\/wp\/v2\/users\/1"}],"replies":[{"embeddable":true,"href":"https:\/\/incajungletrail.com\/en\/wp-json\/wp\/v2\/comments?post=3433"}],"version-history":[{"count":58,"href":"https:\/\/incajungletrail.com\/en\/wp-json\/wp\/v2\/pages\/3433\/revisions"}],"predecessor-version":[{"id":4385,"href":"https:\/\/incajungletrail.com\/en\/wp-json\/wp\/v2\/pages\/3433\/revisions\/4385"}],"wp:attachment":[{"href":"https:\/\/incajungletrail.com\/en\/wp-json\/wp\/v2\/media?parent=3433"}],"curies":[{"name":"wp","href":"https:\/\/api.w.org\/{rel}","templated":true}]}}