{"id":3316,"date":"2026-03-03T09:52:00","date_gmt":"2026-03-03T14:52:00","guid":{"rendered":"https:\/\/incajungletrail.com\/?page_id=3316"},"modified":"2026-03-05T16:55:35","modified_gmt":"2026-03-05T21:55:35","slug":"dia-2-santa-maria-a-santa-teresa","status":"publish","type":"page","link":"https:\/\/incajungletrail.com\/fr\/dia-2-santa-maria-a-santa-teresa\/","title":{"rendered":"Jour 2 : De Sainte-Marie \u00e0 Sainte-Th\u00e9r\u00e8se"},"content":{"rendered":"<div data-elementor-type=\"wp-page\" data-elementor-id=\"3316\" class=\"elementor elementor-3316\" data-elementor-post-type=\"page\">\n\t\t\t\t<div class=\"elementor-element elementor-element-07ef28e e-flex e-con-boxed e-con e-parent\" data-id=\"07ef28e\" data-element_type=\"container\" data-e-type=\"container\" data-settings=\"{&quot;background_background&quot;:&quot;classic&quot;}\">\n\t\t\t\t\t<div class=\"e-con-inner\">\n\t\t\t\t<div class=\"elementor-element elementor-element-9816f13 elementor-widget__width-initial elementor-widget elementor-widget-heading\" data-id=\"9816f13\" data-element_type=\"widget\" data-e-type=\"widget\" data-widget_type=\"heading.default\">\n\t\t\t\t\t<h2 class=\"elementor-heading-title elementor-size-default\">Jour 2 : De Sainte-Marie \u00e0 Sainte-Th\u00e9r\u00e8se<\/h2>\t\t\t\t<\/div>\n\t\t\t\t<div class=\"elementor-element elementor-element-19598bc elementor-widget elementor-widget-button\" data-id=\"19598bc\" data-element_type=\"widget\" data-e-type=\"widget\" data-widget_type=\"button.default\">\n\t\t\t\t\t\t\t\t\t\t<a class=\"elementor-button elementor-button-link elementor-size-sm\" href=\"https:\/\/incajungletrail.com\/fr\/dia-1-cusco-a-santa-maria\/\">\n\t\t\t\t\t\t<span class=\"elementor-button-content-wrapper\">\n\t\t\t\t\t\t\t\t\t<span class=\"elementor-button-text\">Atras<\/span>\n\t\t\t\t\t<\/span>\n\t\t\t\t\t<\/a>\n\t\t\t\t\t\t\t\t<\/div>\n\t\t\t\t<div class=\"elementor-element elementor-element-9683d42 elementor-widget elementor-widget-button\" data-id=\"9683d42\" data-element_type=\"widget\" data-e-type=\"widget\" data-widget_type=\"button.default\">\n\t\t\t\t\t\t\t\t\t\t<a class=\"elementor-button elementor-button-link elementor-size-sm\" href=\"https:\/\/incajungletrail.com\/fr\/dia-3-santa-teresa-a-aguas-calientes\/\">\n\t\t\t\t\t\t<span class=\"elementor-button-content-wrapper\">\n\t\t\t\t\t\t\t\t\t<span class=\"elementor-button-text\">Siguiente dia <\/span>\n\t\t\t\t\t<\/span>\n\t\t\t\t\t<\/a>\n\t\t\t\t\t\t\t\t<\/div>\n\t\t\t\t\t<\/div>\n\t\t\t\t<\/div>\n\t\t<div class=\"elementor-element elementor-element-78613a5 e-flex e-con-boxed e-con e-parent\" data-id=\"78613a5\" data-element_type=\"container\" data-e-type=\"container\">\n\t\t\t\t\t<div class=\"e-con-inner\">\n\t\t\t\t<div class=\"elementor-element elementor-element-3dfe970 elementor-widget elementor-widget-text-editor\" data-id=\"3dfe970\" data-element_type=\"widget\" data-e-type=\"widget\" data-widget_type=\"text-editor.default\">\n\t\t\t\t\t\t\t\t\t<p data-start=\"48\" data-end=\"129\"><strong data-start=\"48\" data-end=\"62\">Actividad:<\/strong><br data-start=\"62\" data-end=\"65\" \/>Caminata por el Camino Inca \/ Tours culturales \/ Aguas termales.<\/p><p data-start=\"131\" data-end=\"192\"><strong data-start=\"131\" data-end=\"157\">Distancia de caminata:<\/strong><br data-start=\"157\" data-end=\"160\" \/>15 km \/ Aproximadamente 8 horas.<\/p><p data-start=\"194\" data-end=\"223\"><strong data-start=\"194\" data-end=\"204\">Clima:<\/strong><br data-start=\"204\" data-end=\"207\" \/>Tropical c\u00e1lido.<\/p><p data-start=\"225\" data-end=\"283\"><strong data-start=\"225\" data-end=\"237\">Altitud:<\/strong><br data-start=\"237\" data-end=\"240\" \/>M\u00edn. 1150 m s. n. m. \/ M\u00e1x. 1900 m s. n. m.<\/p><p data-start=\"285\" data-end=\"349\"><strong data-start=\"285\" data-end=\"297\">Comidas:<\/strong><br data-start=\"297\" data-end=\"300\" \/>Desayuno, Almuerzo, Cena \/ Alojamiento en Hostal.<\/p>\t\t\t\t\t\t\t\t<\/div>\n\t\t\t\t\t<\/div>\n\t\t\t\t<\/div>\n\t\t<div class=\"elementor-element elementor-element-b0a3683 e-flex e-con-boxed e-con e-parent\" data-id=\"b0a3683\" data-element_type=\"container\" data-e-type=\"container\">\n\t\t\t\t\t<div class=\"e-con-inner\">\n\t\t\t\t<div class=\"elementor-element elementor-element-a7a7913 elementor-arrows-position-inside elementor-pagination-position-outside elementor-widget elementor-widget-image-carousel\" data-id=\"a7a7913\" data-element_type=\"widget\" data-e-type=\"widget\" data-settings=\"{&quot;slides_to_show&quot;:&quot;1&quot;,&quot;navigation&quot;:&quot;both&quot;,&quot;autoplay&quot;:&quot;yes&quot;,&quot;pause_on_hover&quot;:&quot;yes&quot;,&quot;pause_on_interaction&quot;:&quot;yes&quot;,&quot;autoplay_speed&quot;:5000,&quot;infinite&quot;:&quot;yes&quot;,&quot;effect&quot;:&quot;slide&quot;,&quot;speed&quot;:500}\" data-widget_type=\"image-carousel.default\">\n\t\t\t\t\t\t\t<div class=\"elementor-image-carousel-wrapper swiper\" role=\"region\" aria-roledescription=\"carousel\" aria-label=\"carrousel d&#039;images\" dir=\"ltr\">\n\t\t\t<div class=\"elementor-image-carousel swiper-wrapper\" aria-live=\"off\">\n\t\t\t\t\t\t\t\t<div class=\"swiper-slide\" role=\"group\" aria-roledescription=\"slide\" aria-label=\"1 sur 15\"><figure class=\"swiper-slide-inner\"><img decoding=\"async\" class=\"swiper-slide-image\" src=\"https:\/\/incajungletrail.com\/wp-content\/uploads\/2026\/03\/reserv-cusco-tripadvisor-768x576.jpg\" alt=\"reserv cusco tripadvisor\" \/><\/figure><\/div><div class=\"swiper-slide\" role=\"group\" aria-roledescription=\"slide\" aria-label=\"2 sur 15\"><figure class=\"swiper-slide-inner\"><img decoding=\"async\" class=\"swiper-slide-image\" src=\"https:\/\/incajungletrail.com\/wp-content\/uploads\/2026\/03\/IMG_2923-768x576.jpg\" alt=\"IMG_2923\" \/><\/figure><\/div><div class=\"swiper-slide\" role=\"group\" aria-roledescription=\"slide\" aria-label=\"3 sur 15\"><figure class=\"swiper-slide-inner\"><img decoding=\"async\" class=\"swiper-slide-image\" src=\"https:\/\/incajungletrail.com\/wp-content\/uploads\/2026\/03\/IMG_2918-768x576.jpg\" alt=\"IMG_2918\" \/><\/figure><\/div><div class=\"swiper-slide\" role=\"group\" aria-roledescription=\"slide\" aria-label=\"4 sur 15\"><figure class=\"swiper-slide-inner\"><img decoding=\"async\" class=\"swiper-slide-image\" src=\"https:\/\/incajungletrail.com\/wp-content\/uploads\/2026\/03\/IMG_2785-768x576.jpg\" alt=\"IMG_2785\" \/><\/figure><\/div><div class=\"swiper-slide\" role=\"group\" aria-roledescription=\"slide\" aria-label=\"5 sur 15\"><figure class=\"swiper-slide-inner\"><img decoding=\"async\" class=\"swiper-slide-image\" src=\"https:\/\/incajungletrail.com\/wp-content\/uploads\/2026\/03\/IMG_2710-768x431.jpg\" alt=\"IMG_2710\" \/><\/figure><\/div><div class=\"swiper-slide\" role=\"group\" aria-roledescription=\"slide\" aria-label=\"6 sur 15\"><figure class=\"swiper-slide-inner\"><img decoding=\"async\" class=\"swiper-slide-image\" src=\"https:\/\/incajungletrail.com\/wp-content\/uploads\/2026\/03\/WhatsApp-Image-2023-12-29-at-7.02.13-PM-2-768x512.jpeg\" alt=\"WhatsApp Image 2023-12-29 at 7.02.13 PM (2)\" \/><\/figure><\/div><div class=\"swiper-slide\" role=\"group\" aria-roledescription=\"slide\" aria-label=\"7 sur 15\"><figure class=\"swiper-slide-inner\"><img decoding=\"async\" class=\"swiper-slide-image\" src=\"https:\/\/incajungletrail.com\/wp-content\/uploads\/2026\/03\/WhatsApp-Image-2023-08-23-at-5.17.29-PM-3-1-768x576.jpeg\" alt=\"WhatsApp Image 2023-08-23 at 5.17.29 PM (3)\" \/><\/figure><\/div><div class=\"swiper-slide\" role=\"group\" aria-roledescription=\"slide\" aria-label=\"8 sur 15\"><figure class=\"swiper-slide-inner\"><img decoding=\"async\" class=\"swiper-slide-image\" src=\"https:\/\/incajungletrail.com\/wp-content\/uploads\/2026\/03\/178235372_3013906145540571_4780812010919500142_n-768x575.jpg\" alt=\"178235372_3013906145540571_4780812010919500142_n\" \/><\/figure><\/div><div class=\"swiper-slide\" role=\"group\" aria-roledescription=\"slide\" aria-label=\"9 sur 15\"><figure class=\"swiper-slide-inner\"><img decoding=\"async\" class=\"swiper-slide-image\" src=\"https:\/\/incajungletrail.com\/wp-content\/uploads\/2026\/03\/aguas-termales-de-cocalmayo-5-768x576.webp\" alt=\"aguas-termales-de-cocalmayo-5\" \/><\/figure><\/div><div class=\"swiper-slide\" role=\"group\" aria-roledescription=\"slide\" aria-label=\"10 sur 15\"><figure class=\"swiper-slide-inner\"><img decoding=\"async\" class=\"swiper-slide-image\" src=\"https:\/\/incajungletrail.com\/wp-content\/uploads\/2026\/03\/WhatsApp-Image-2024-10-09-at-12.09.24-768x576.jpeg\" alt=\"WhatsApp Image 2024-10-09 at 12.09.24\" \/><\/figure><\/div><div class=\"swiper-slide\" role=\"group\" aria-roledescription=\"slide\" aria-label=\"11 sur 15\"><figure class=\"swiper-slide-inner\"><img decoding=\"async\" class=\"swiper-slide-image\" src=\"https:\/\/incajungletrail.com\/wp-content\/uploads\/2026\/03\/IMG_2909-procesado-768x577.jpg\" alt=\"IMG_2909 procesado\" \/><\/figure><\/div><div class=\"swiper-slide\" role=\"group\" aria-roledescription=\"slide\" aria-label=\"12 sur 15\"><figure class=\"swiper-slide-inner\"><img decoding=\"async\" class=\"swiper-slide-image\" src=\"https:\/\/incajungletrail.com\/wp-content\/uploads\/2026\/03\/incajungle.jpg-768x441.jpeg\" alt=\"incajungle.jpg\" \/><\/figure><\/div><div class=\"swiper-slide\" role=\"group\" aria-roledescription=\"slide\" aria-label=\"13 sur 15\"><figure class=\"swiper-slide-inner\"><img decoding=\"async\" class=\"swiper-slide-image\" src=\"https:\/\/incajungletrail.com\/wp-content\/uploads\/2026\/03\/incajungletrail-1.jpg-768x362.jpeg\" alt=\"incajungletrail-1.jpg\" \/><\/figure><\/div><div class=\"swiper-slide\" role=\"group\" aria-roledescription=\"slide\" aria-label=\"14 sur 15\"><figure class=\"swiper-slide-inner\"><img decoding=\"async\" class=\"swiper-slide-image\" src=\"https:\/\/incajungletrail.com\/wp-content\/uploads\/2026\/03\/incajungletrail-trek.jpg-768x362.jpeg\" alt=\"incajungletrail-trek.jpg\" \/><\/figure><\/div><div class=\"swiper-slide\" role=\"group\" aria-roledescription=\"slide\" aria-label=\"15 sur 15\"><figure class=\"swiper-slide-inner\"><img decoding=\"async\" class=\"swiper-slide-image\" src=\"https:\/\/incajungletrail.com\/wp-content\/uploads\/2026\/03\/Diseno-sin-titulo-3-768x461.webp\" alt=\"Dise\u00f1o sin t\u00edtulo (3)\" \/><\/figure><\/div>\t\t\t<\/div>\n\t\t\t\t\t\t\t\t\t\t\t\t<div class=\"elementor-swiper-button elementor-swiper-button-prev\" role=\"button\" tabindex=\"0\">\n\t\t\t\t\t\t<svg aria-hidden=\"true\" class=\"e-font-icon-svg e-eicon-chevron-left\" viewbox=\"0 0 1000 1000\" xmlns=\"http:\/\/www.w3.org\/2000\/svg\"><path d=\"M646 125C629 125 613 133 604 142L308 442C296 454 292 471 292 487 292 504 296 521 308 533L604 854C617 867 629 875 646 875 663 875 679 871 692 858 704 846 713 829 713 812 713 796 708 779 692 767L438 487 692 225C700 217 708 204 708 187 708 171 704 154 692 142 675 129 663 125 646 125Z\"><\/path><\/svg>\t\t\t\t\t<\/div>\n\t\t\t\t\t<div class=\"elementor-swiper-button elementor-swiper-button-next\" role=\"button\" tabindex=\"0\">\n\t\t\t\t\t\t<svg aria-hidden=\"true\" class=\"e-font-icon-svg e-eicon-chevron-right\" viewbox=\"0 0 1000 1000\" xmlns=\"http:\/\/www.w3.org\/2000\/svg\"><path d=\"M696 533C708 521 713 504 713 487 713 471 708 454 696 446L400 146C388 133 375 125 354 125 338 125 325 129 313 142 300 154 292 171 292 187 292 204 296 221 308 233L563 492 304 771C292 783 288 800 288 817 288 833 296 850 308 863 321 871 338 875 354 875 371 875 388 867 400 854L696 533Z\"><\/path><\/svg>\t\t\t\t\t<\/div>\n\t\t\t\t\n\t\t\t\t\t\t\t\t\t<div class=\"swiper-pagination\"><\/div>\n\t\t\t\t\t\t\t\t\t<\/div>\n\t\t\t\t\t\t<\/div>\n\t\t\t\t\t<\/div>\n\t\t\t\t<\/div>\n\t\t\t\t<\/div>","protected":false},"excerpt":{"rendered":"<p>D\u00eda 2: Santa Maria a Santa Teresa Atras Siguiente dia Actividad:Caminata por el Camino Inca \/ Tours culturales \/ Aguas termales. Distancia de caminata:15 km \/ Aproximadamente 8 horas. Clima:Tropical c\u00e1lido. Altitud:M\u00edn. 1150 m s. n. m. \/ M\u00e1x. 1900 m s. n. m. Comidas:Desayuno, Almuerzo, Cena \/ Alojamiento en Hostal.<\/p>","protected":false},"author":1,"featured_media":0,"parent":0,"menu_order":0,"comment_status":"closed","ping_status":"closed","template":"elementor_header_footer","meta":{"_joinchat":[],"footnotes":""},"class_list":["post-3316","page","type-page","status-publish","hentry"],"_links":{"self":[{"href":"https:\/\/incajungletrail.com\/fr\/wp-json\/wp\/v2\/pages\/3316","targetHints":{"allow":["GET"]}}],"collection":[{"href":"https:\/\/incajungletrail.com\/fr\/wp-json\/wp\/v2\/pages"}],"about":[{"href":"https:\/\/incajungletrail.com\/fr\/wp-json\/wp\/v2\/types\/page"}],"author":[{"embeddable":true,"href":"https:\/\/incajungletrail.com\/fr\/wp-json\/wp\/v2\/users\/1"}],"replies":[{"embeddable":true,"href":"https:\/\/incajungletrail.com\/fr\/wp-json\/wp\/v2\/comments?post=3316"}],"version-history":[{"count":91,"href":"https:\/\/incajungletrail.com\/fr\/wp-json\/wp\/v2\/pages\/3316\/revisions"}],"predecessor-version":[{"id":4304,"href":"https:\/\/incajungletrail.com\/fr\/wp-json\/wp\/v2\/pages\/3316\/revisions\/4304"}],"wp:attachment":[{"href":"https:\/\/incajungletrail.com\/fr\/wp-json\/wp\/v2\/media?parent=3316"}],"curies":[{"name":"wp","href":"https:\/\/api.w.org\/{rel}","templated":true}]}}