{"id":3322,"date":"2026-03-03T09:54:32","date_gmt":"2026-03-03T14:54:32","guid":{"rendered":"https:\/\/incajungletrail.com\/?page_id=3322"},"modified":"2026-03-05T16:50:27","modified_gmt":"2026-03-05T21:50:27","slug":"itinerario","status":"publish","type":"page","link":"https:\/\/incajungletrail.com\/fr\/itinerario\/","title":{"rendered":"ITIN\u00c9RAIRE"},"content":{"rendered":"<div data-elementor-type=\"wp-page\" data-elementor-id=\"3322\" class=\"elementor elementor-3322\" data-elementor-post-type=\"page\">\n\t\t\t\t<div class=\"elementor-element elementor-element-252d6b8 e-con-full e-flex e-con e-parent\" data-id=\"252d6b8\" data-element_type=\"container\" data-e-type=\"container\">\n\t\t\t\t<div class=\"elementor-element elementor-element-b9e6bfc bdt-ps-blur-effect--yes elementor-widget elementor-widget-prime-slider-dragon\" data-id=\"b9e6bfc\" data-element_type=\"widget\" data-e-type=\"widget\" data-widget_type=\"prime-slider-dragon.default\">\n\t\t\t\t\t\t\t<div class=\"bdt-prime-slider\">\n\t\t\t<div class=\"bdt-prime-slider-dragon\">\n\t\t\t\t<div class=\"bdt-position-relative bdt-visible-toggle\" data-settings=\"{&quot;id&quot;:&quot;#bdt-b9e6bfc&quot;,&quot;animation_status&quot;:&quot;no&quot;}\" id=\"bdt-b9e6bfc\" bdt-slideshow=\"{&quot;animation&quot;:&quot;fade&quot;,&quot;ratio&quot;:&quot;16:9&quot;,&quot;min-height&quot;:&quot;440&quot;,&quot;autoplay&quot;:true,&quot;autoplay-interval&quot;:7000,&quot;pause-on-hover&quot;:false,&quot;velocity&quot;:1,&quot;finite&quot;:false}\">\n\t\t\t\t\t<ul class=\"bdt-slideshow-items\">\n\t\t\t\t\t\t\t\t<li class=\"bdt-slideshow-item bdt-flex bdt-flex-middle elementor-repeater-item-88b1070\">\n\n\t\t\t<div class=\"bdt-ps-dragon-bg\">\n\t\t\t\t\n\t\t\t\t\t\t<div class=\"bdt-ps-slide-img\"\n\t\t\t\t\t\t\tstyle=\"background-image: url('https:\/\/incajungletrail.com\/wp-content\/uploads\/2026\/03\/Cusco-to-Santa-Maria.png')\"><\/div>\n\n\t\t\t\t\t\t\t\t\t<\/div>\n\n\t\t\t<div class=\"bdt-ps-dragon-slide-image\">\n\t\t\t\t\n\t\t\t\t\t\t<div class=\"bdt-ps-slide-img\"\n\t\t\t\t\t\t\tstyle=\"background-image: url('https:\/\/incajungletrail.com\/wp-content\/uploads\/2026\/03\/Cusco-to-Santa-Maria.png')\"><\/div>\n\n\t\t\t\t\t\t\t\t\t<\/div>\n\n\t\t\t\t\t\t\t<div class=\"bdt-overlay-default bdt-position-cover bdt-blend-multiply\"><\/div>\n\t\t\t\t\t\t\n\t\t\t\t\t<div class=\"bdt-prime-slider-wrapper\">\n\t\t\t<div class=\"bdt-prime-slider-content\">\n\n\t\t\t\t\t\t\t\t\t<div class=\"bdt-sub-title\">\n\n\t\t\t\t\t\t<h4 class=\"bdt-sub-title-inner\" data-bdt-slideshow-parallax=\"x: 100,-100; opacity: 1,1,0\" data-reveal=\"reveal-active\">\n                            Voyage 1                        <\/h4>\n\n\t\t\t\t\t<\/div>\n\t\t\t\t\n\t\t\t\t\t\t\t\t\t<div class=\"bdt-main-title\">\n\t\t\t\t\t\t<h1 class=\"bdt-title-tag\" data-bdt-slideshow-parallax=\"x: 200,-200; opacity: 1,1,0\"  data-reveal=\"reveal-active\">\n\t\t\t\t\t\t\t\t\t\t\t\t\t\t\t<span class=\"frist-word\">Cusco<\/span> \u00e0 Santa Maria\t\t\t\t\t\t\t\t\t\t\t\t\t\t<\/h1>\n\t\t\t\t\t<\/div>\n\t\t\t\t\n\t\t\t\t\t\t\t\t\t<div class=\"bdt-slider-excerpt\" data-reveal=\"reveal-active\" data-bdt-slideshow-parallax=\"x: 300,-300; opacity: 1,1,0\">\n\t\t\t\t\t\t<p>Nous partons entre 7h45 et 8h00, rendez-vous \u00e0 l'agence Reserv. Cusco Srl. Notre voyage commence par une vue panoramique de la ville en quittant Cusco, avant de poursuivre vers Chinchero\/Ollantaytambo.<\/p>\t\t\t\t\t<\/div>\n\t\t\t\t\n\t\t\t\t<div data-bdt-slideshow-parallax=\"x: 400,-400; opacity: 1,1,0\">\n\t\t\t\t\t\n\t\t\n\t\t\t<a href=\"#\" class=\"bdt-ps-dragon-button reveal-muted\">\n\n\t\t\t\t\t\t\t\t\n\t\t\t\t<div class=\"bdt-ps-button\">\n\t\t\t\t\t<div class=\"bdt-ps-button-text\">ITIN\u00c9RAIRE<\/div>\n\t\t\t\t\t\n\t\t\t\t\t<div class=\"bdt-ps-button-wrapper\">\n\t\t\t\t\t\t<div class=\"bdt-ps-button-arrow\"><\/div>\n\t\t\t\t\t\t<div class=\"bdt-ps-button-border-circle\"><\/div>\n\t\t\t\t\t\t<div class=\"bdt-ps-button-mask-circle\">\n\t\t\t\t\t\t<div class=\"bdt-ps-button-small-circle\"><\/div>\n\t\t\t\t\t\t<\/div>\n\t\t\t\t\t<\/div>\n\t\t\t\t<\/div>\n\n\t\t\t<\/a>\n\t\t\t\t\t\t<\/div>\n\t\t\t\t\t\n\t\t\t<\/div>\n\t\t<\/div>\n        \n\t\t<\/li>\n        \t\t<li class=\"bdt-slideshow-item bdt-flex bdt-flex-middle elementor-repeater-item-ce1568c\">\n\n\t\t\t<div class=\"bdt-ps-dragon-bg\">\n\t\t\t\t\n\t\t\t\t\t\t<div class=\"bdt-ps-slide-img\"\n\t\t\t\t\t\t\tstyle=\"background-image: url('https:\/\/incajungletrail.com\/wp-content\/uploads\/2026\/03\/ChatGPT-Image-3-mar-2026-12_44_58.webp')\"><\/div>\n\n\t\t\t\t\t\t\t\t\t<\/div>\n\n\t\t\t<div class=\"bdt-ps-dragon-slide-image\">\n\t\t\t\t\n\t\t\t\t\t\t<div class=\"bdt-ps-slide-img\"\n\t\t\t\t\t\t\tstyle=\"background-image: url('https:\/\/incajungletrail.com\/wp-content\/uploads\/2026\/03\/ChatGPT-Image-3-mar-2026-12_44_58.webp')\"><\/div>\n\n\t\t\t\t\t\t\t\t\t<\/div>\n\n\t\t\t\t\t\t\t<div class=\"bdt-overlay-default bdt-position-cover bdt-blend-multiply\"><\/div>\n\t\t\t\t\t\t\n\t\t\t\t\t<div class=\"bdt-prime-slider-wrapper\">\n\t\t\t<div class=\"bdt-prime-slider-content\">\n\n\t\t\t\t\t\t\t\t\t<div class=\"bdt-sub-title\">\n\n\t\t\t\t\t\t<h4 class=\"bdt-sub-title-inner\" data-bdt-slideshow-parallax=\"x: 100,-100; opacity: 1,1,0\" data-reveal=\"reveal-active\">\n                            Voyage 2                        <\/h4>\n\n\t\t\t\t\t<\/div>\n\t\t\t\t\n\t\t\t\t\t\t\t\t\t<div class=\"bdt-main-title\">\n\t\t\t\t\t\t<h1 class=\"bdt-title-tag\" data-bdt-slideshow-parallax=\"x: 200,-200; opacity: 1,1,0\"  data-reveal=\"reveal-active\">\n\t\t\t\t\t\t\t\t\t\t\t\t\t\t\t<span class=\"frist-word\">P\u00e8re No\u00ebl<\/span> Marie \u00e0 Sainte Th\u00e9r\u00e8se\t\t\t\t\t\t\t\t\t\t\t\t\t\t<\/h1>\n\t\t\t\t\t<\/div>\n\t\t\t\t\n\t\t\t\t\t\t\t\t\t<div class=\"bdt-slider-excerpt\" data-reveal=\"reveal-active\" data-bdt-slideshow-parallax=\"x: 300,-300; opacity: 1,1,0\">\n\t\t\t\t\t\t<p class=\"text-justify\">Apr\u00e8s un petit-d\u00e9jeuner riche en vitamines \u2013 \u00e0 base de bananes, d'oranges, de papayes et d'autres fruits r\u00e9gionaux (en jus) \u2013 nous partirons t\u00f4t en randonn\u00e9e \u00e0 la recherche d'une aventure inoubliable.<\/p><p class=\"text-justify\">Nous emprunterons des sentiers luxuriants, o\u00f9 nous pourrons appr\u00e9cier la culture et la r\u00e9colte du caf\u00e9 ainsi que la plante sacr\u00e9e des Incas, la coca.<\/p>\t\t\t\t\t<\/div>\n\t\t\t\t\n\t\t\t\t<div data-bdt-slideshow-parallax=\"x: 400,-400; opacity: 1,1,0\">\n\t\t\t\t\t\n\t\t\n\t\t\t<a href=\"#\" class=\"bdt-ps-dragon-button reveal-muted\">\n\n\t\t\t\t\t\t\t\t\n\t\t\t\t<div class=\"bdt-ps-button\">\n\t\t\t\t\t<div class=\"bdt-ps-button-text\">ITIN\u00c9RAIRE<\/div>\n\t\t\t\t\t\n\t\t\t\t\t<div class=\"bdt-ps-button-wrapper\">\n\t\t\t\t\t\t<div class=\"bdt-ps-button-arrow\"><\/div>\n\t\t\t\t\t\t<div class=\"bdt-ps-button-border-circle\"><\/div>\n\t\t\t\t\t\t<div class=\"bdt-ps-button-mask-circle\">\n\t\t\t\t\t\t<div class=\"bdt-ps-button-small-circle\"><\/div>\n\t\t\t\t\t\t<\/div>\n\t\t\t\t\t<\/div>\n\t\t\t\t<\/div>\n\n\t\t\t<\/a>\n\t\t\t\t\t\t<\/div>\n\t\t\t\t\t\n\t\t\t<\/div>\n\t\t<\/div>\n        \n\t\t<\/li>\n        \t\t<li class=\"bdt-slideshow-item bdt-flex bdt-flex-middle elementor-repeater-item-026e974\">\n\n\t\t\t<div class=\"bdt-ps-dragon-bg\">\n\t\t\t\t\n\t\t\t\t\t\t<div class=\"bdt-ps-slide-img\"\n\t\t\t\t\t\t\tstyle=\"background-image: url('https:\/\/incajungletrail.com\/wp-content\/uploads\/2026\/03\/ChatGPT-Image-3-mar-2026-12_50_50.webp')\"><\/div>\n\n\t\t\t\t\t\t\t\t\t<\/div>\n\n\t\t\t<div class=\"bdt-ps-dragon-slide-image\">\n\t\t\t\t\n\t\t\t\t\t\t<div class=\"bdt-ps-slide-img\"\n\t\t\t\t\t\t\tstyle=\"background-image: url('https:\/\/incajungletrail.com\/wp-content\/uploads\/2026\/03\/ChatGPT-Image-3-mar-2026-12_50_50.webp')\"><\/div>\n\n\t\t\t\t\t\t\t\t\t<\/div>\n\n\t\t\t\t\t\t\t<div class=\"bdt-overlay-default bdt-position-cover bdt-blend-multiply\"><\/div>\n\t\t\t\t\t\t\n\t\t\t\t\t<div class=\"bdt-prime-slider-wrapper\">\n\t\t\t<div class=\"bdt-prime-slider-content\">\n\n\t\t\t\t\t\t\t\t\t<div class=\"bdt-sub-title\">\n\n\t\t\t\t\t\t<h4 class=\"bdt-sub-title-inner\" data-bdt-slideshow-parallax=\"x: 100,-100; opacity: 1,1,0\" data-reveal=\"reveal-active\">\n                            3                        <\/h4>\n\n\t\t\t\t\t<\/div>\n\t\t\t\t\n\t\t\t\t\t\t\t\t\t<div class=\"bdt-main-title\">\n\t\t\t\t\t\t<h1 class=\"bdt-title-tag\" data-bdt-slideshow-parallax=\"x: 200,-200; opacity: 1,1,0\"  data-reveal=\"reveal-active\">\n\t\t\t\t\t\t\t\t\t\t\t\t\t\t\t<span class=\"frist-word\">P\u00e8re No\u00ebl<\/span> Teresa \u00e0 Aguas Calientes\t\t\t\t\t\t\t\t\t\t\t\t\t\t<\/h1>\n\t\t\t\t\t<\/div>\n\t\t\t\t\n\t\t\t\t\t\t\t\t\t<div class=\"bdt-slider-excerpt\" data-reveal=\"reveal-active\" data-bdt-slideshow-parallax=\"x: 300,-300; opacity: 1,1,0\">\n\t\t\t\t\t\t<p>Ici, on se l\u00e8ve un peu plus tard et on prend un petit-d\u00e9jeuner \u00e9galement \u00e0 base de vitamines (jus).<\/p><p>Vers 9h45, nous avons commenc\u00e9 notre marche \u00e0 la recherche des ponts suspendus, ainsi que la travers\u00e9e du fleuve Vilcanota (fleuve sacr\u00e9 des Incas) en t\u00e9l\u00e9ph\u00e9rique.<\/p>\t\t\t\t\t<\/div>\n\t\t\t\t\n\t\t\t\t<div data-bdt-slideshow-parallax=\"x: 400,-400; opacity: 1,1,0\">\n\t\t\t\t\t\n\t\t\n\t\t\t<a href=\"#\" class=\"bdt-ps-dragon-button reveal-muted\">\n\n\t\t\t\t\t\t\t\t\n\t\t\t\t<div class=\"bdt-ps-button\">\n\t\t\t\t\t<div class=\"bdt-ps-button-text\">ITIN\u00c9RAIRE<\/div>\n\t\t\t\t\t\n\t\t\t\t\t<div class=\"bdt-ps-button-wrapper\">\n\t\t\t\t\t\t<div class=\"bdt-ps-button-arrow\"><\/div>\n\t\t\t\t\t\t<div class=\"bdt-ps-button-border-circle\"><\/div>\n\t\t\t\t\t\t<div class=\"bdt-ps-button-mask-circle\">\n\t\t\t\t\t\t<div class=\"bdt-ps-button-small-circle\"><\/div>\n\t\t\t\t\t\t<\/div>\n\t\t\t\t\t<\/div>\n\t\t\t\t<\/div>\n\n\t\t\t<\/a>\n\t\t\t\t\t\t<\/div>\n\t\t\t\t\t\n\t\t\t<\/div>\n\t\t<\/div>\n        \n\t\t<\/li>\n        \t\t<li class=\"bdt-slideshow-item bdt-flex bdt-flex-middle elementor-repeater-item-0f62cc1\">\n\n\t\t\t<div class=\"bdt-ps-dragon-bg\">\n\t\t\t\t\n\t\t\t\t\t\t<div class=\"bdt-ps-slide-img\"\n\t\t\t\t\t\t\tstyle=\"background-image: url('https:\/\/incajungletrail.com\/wp-content\/uploads\/2026\/03\/Cusco-to-Santa-Maria-1.webp')\"><\/div>\n\n\t\t\t\t\t\t\t\t\t<\/div>\n\n\t\t\t<div class=\"bdt-ps-dragon-slide-image\">\n\t\t\t\t\n\t\t\t\t\t\t<div class=\"bdt-ps-slide-img\"\n\t\t\t\t\t\t\tstyle=\"background-image: url('https:\/\/incajungletrail.com\/wp-content\/uploads\/2026\/03\/Cusco-to-Santa-Maria-1.webp')\"><\/div>\n\n\t\t\t\t\t\t\t\t\t<\/div>\n\n\t\t\t\t\t\t\t<div class=\"bdt-overlay-default bdt-position-cover bdt-blend-multiply\"><\/div>\n\t\t\t\t\t\t\n\t\t\t\t\t<div class=\"bdt-prime-slider-wrapper\">\n\t\t\t<div class=\"bdt-prime-slider-content\">\n\n\t\t\t\t\t\t\t\t\t<div class=\"bdt-sub-title\">\n\n\t\t\t\t\t\t<h4 class=\"bdt-sub-title-inner\" data-bdt-slideshow-parallax=\"x: 100,-100; opacity: 1,1,0\" data-reveal=\"reveal-active\">\n                            CHEMIN 4                        <\/h4>\n\n\t\t\t\t\t<\/div>\n\t\t\t\t\n\t\t\t\t\t\t\t\t\t<div class=\"bdt-main-title\">\n\t\t\t\t\t\t<h1 class=\"bdt-title-tag\" data-bdt-slideshow-parallax=\"x: 200,-200; opacity: 1,1,0\"  data-reveal=\"reveal-active\">\n\t\t\t\t\t\t\t\t\t\t\t\t\t\t\t<span class=\"frist-word\"><\/span> De Machu Picchu \u00e0 Cusco\t\t\t\t\t\t\t\t\t\t\t\t\t\t<\/h1>\n\t\t\t\t\t<\/div>\n\t\t\t\t\n\t\t\t\t\t\t\t\t\t<div class=\"bdt-slider-excerpt\" data-reveal=\"reveal-active\" data-bdt-slideshow-parallax=\"x: 300,-300; opacity: 1,1,0\">\n\t\t\t\t\t\t<p>Nous nous sommes lev\u00e9s t\u00f4t pour visiter le Machu Picchu, la premi\u00e8re merveille du monde moderne. Nous avons commenc\u00e9 notre randonn\u00e9e \u00e0 5h10 afin d'avoir la chance d'admirer le lever du soleil.<\/p><p>La randonn\u00e9e grimpe de 1980 \u00e0 2450 m\u00e8tres d'altitude. Nous avons pris le petit-d\u00e9jeuner en cours de route gr\u00e2ce \u00e0 notre pique-nique. La randonn\u00e9e dure environ 1 heure et 10 minutes.<\/p>\t\t\t\t\t<\/div>\n\t\t\t\t\n\t\t\t\t<div data-bdt-slideshow-parallax=\"x: 400,-400; opacity: 1,1,0\">\n\t\t\t\t\t\n\t\t\n\t\t\t<a href=\"#\" class=\"bdt-ps-dragon-button reveal-muted\">\n\n\t\t\t\t\t\t\t\t\n\t\t\t\t<div class=\"bdt-ps-button\">\n\t\t\t\t\t<div class=\"bdt-ps-button-text\">ITIN\u00c9RAIRE<\/div>\n\t\t\t\t\t\n\t\t\t\t\t<div class=\"bdt-ps-button-wrapper\">\n\t\t\t\t\t\t<div class=\"bdt-ps-button-arrow\"><\/div>\n\t\t\t\t\t\t<div class=\"bdt-ps-button-border-circle\"><\/div>\n\t\t\t\t\t\t<div class=\"bdt-ps-button-mask-circle\">\n\t\t\t\t\t\t<div class=\"bdt-ps-button-small-circle\"><\/div>\n\t\t\t\t\t\t<\/div>\n\t\t\t\t\t<\/div>\n\t\t\t\t<\/div>\n\n\t\t\t<\/a>\n\t\t\t\t\t\t<\/div>\n\t\t\t\t\t\n\t\t\t<\/div>\n\t\t<\/div>\n        \n\t\t<\/li>\n        \n\t\t\t\t\t<\/ul>\n\n\t\t\t\t\t            \n                <ul class=\"bdt-slideshow-nav bdt-dotnav bdt-dotnav-vertical reveal-muted\">\n\n                                        <li bdt-slideshow-item=\"0\" data-label=\"01\" ><a href=\"#\"><\/a><\/li>\n                                        <li bdt-slideshow-item=\"1\" data-label=\"02\" ><a href=\"#\"><\/a><\/li>\n                                        <li bdt-slideshow-item=\"2\" data-label=\"03\" ><a href=\"#\"><\/a><\/li>\n                                        <li bdt-slideshow-item=\"3\" data-label=\"04\" ><a href=\"#\"><\/a><\/li>\n                                        \n                <\/ul>\n\n            \n        \t\t\t\t\t\n\t\t\t\t<\/div>\n\t\t\t\t\n\t\t<div class=\"bdt-prime-slider-social-icon reveal-muted\">\n\t\t\t\t\t\t\t\t\t\t<a href=\"http:\/\/www.facebook.com\/bdthemes\/\" aria-label=\"Lien social Facebook\">\n\t\t\t\t\t\t\t\t<span class=\"bdt-social-share-title\">\n\t\t\t\t\t\t\t\t\tFacebook\t\t\t\t\t\t\t\t<\/span>\n\t\t\t\t\t\t\t<\/a>\n\t\t\t\t\t\t\t\t\t\t\t\t\t<a href=\"http:\/\/www.twitter.com\/bdthemes\/\" aria-label=\"Lien social Twitter\">\n\t\t\t\t\t\t\t\t<span class=\"bdt-social-share-title\">\n\t\t\t\t\t\t\t\t\tGazouillement\t\t\t\t\t\t\t\t<\/span>\n\t\t\t\t\t\t\t<\/a>\n\t\t\t\t\t\t\t\t\t\t\t\t\t<a href=\"http:\/\/www.instagram.com\/bdthemes\/\" aria-label=\"Lien social Instagram\">\n\t\t\t\t\t\t\t\t<span class=\"bdt-social-share-title\">\n\t\t\t\t\t\t\t\t\tInstagram\t\t\t\t\t\t\t\t<\/span>\n\t\t\t\t\t\t\t<\/a>\n\t\t\t\t\t\t\t\t<\/div>\n\n\t\t\t\t\t<\/div>\n\t\t<\/div>\n        \t\t\t\t<\/div>\n\t\t\t\t<\/div>\n\t\t\t\t<\/div>","protected":false},"excerpt":{"rendered":"<p>Dia 1 Cusco to Santa Maria Salimos entre las 7:45 am. \/ 8:00 am. Con la reuni\u00f3n en la oficina de Reserv. Cusco Srl. \u2013 Nuestro viaje empieza saliendo de Cusco con una mirada panor\u00e1mica de la ciudad, para luego seguir camino a Chinchero\/Ollantaytambo. ITINERARIO Dia 2 Santa Maria to Santa Teresa Luego de tomar [&hellip;]<\/p>\n","protected":false},"author":1,"featured_media":0,"parent":0,"menu_order":0,"comment_status":"closed","ping_status":"closed","template":"elementor_header_footer","meta":{"_joinchat":[],"footnotes":""},"class_list":["post-3322","page","type-page","status-publish","hentry"],"_links":{"self":[{"href":"https:\/\/incajungletrail.com\/fr\/wp-json\/wp\/v2\/pages\/3322","targetHints":{"allow":["GET"]}}],"collection":[{"href":"https:\/\/incajungletrail.com\/fr\/wp-json\/wp\/v2\/pages"}],"about":[{"href":"https:\/\/incajungletrail.com\/fr\/wp-json\/wp\/v2\/types\/page"}],"author":[{"embeddable":true,"href":"https:\/\/incajungletrail.com\/fr\/wp-json\/wp\/v2\/users\/1"}],"replies":[{"embeddable":true,"href":"https:\/\/incajungletrail.com\/fr\/wp-json\/wp\/v2\/comments?post=3322"}],"version-history":[{"count":10,"href":"https:\/\/incajungletrail.com\/fr\/wp-json\/wp\/v2\/pages\/3322\/revisions"}],"predecessor-version":[{"id":4277,"href":"https:\/\/incajungletrail.com\/fr\/wp-json\/wp\/v2\/pages\/3322\/revisions\/4277"}],"wp:attachment":[{"href":"https:\/\/incajungletrail.com\/fr\/wp-json\/wp\/v2\/media?parent=3322"}],"curies":[{"name":"wp","href":"https:\/\/api.w.org\/{rel}","templated":true}]}}